{"id":4181,"date":"2022-10-17T19:47:36","date_gmt":"2022-10-17T19:47:36","guid":{"rendered":"https:\/\/themepanthers.com\/wp\/creote\/v2-new\/?page_id=4181"},"modified":"2024-12-24T15:59:12","modified_gmt":"2024-12-24T12:59:12","slug":"iletisim","status":"publish","type":"page","link":"https:\/\/asistanin.web.tr\/houzen\/iletisim\/","title":{"rendered":"\u0130leti\u015fim"},"content":{"rendered":"\t\t<div data-elementor-type=\"wp-page\" data-elementor-id=\"4181\" class=\"elementor elementor-4181\">\n\t\t\t\t\t\t<section class=\"elementor-section elementor-top-section elementor-element elementor-element-f459a99 elementor-section-boxed elementor-section-height-default elementor-section-height-default\" data-id=\"f459a99\" data-element_type=\"section\" data-settings=\"{&quot;background_background&quot;:&quot;classic&quot;}\">\n\t\t\t\t\t\t<div class=\"elementor-container elementor-column-gap-default\">\n\t\t\t\t\t<div class=\"elementor-column elementor-col-100 elementor-top-column elementor-element elementor-element-b6bdc3a\" data-id=\"b6bdc3a\" data-element_type=\"column\">\n\t\t\t<div class=\"elementor-widget-wrap elementor-element-populated\">\n\t\t\t\t\t\t<div class=\"elementor-element elementor-element-94eaf13 elementor-widget elementor-widget-creote-heading-v2\" data-id=\"94eaf13\" data-element_type=\"widget\" data-widget_type=\"creote-heading-v2.default\">\n\t\t\t\t<div class=\"elementor-widget-container\">\n\t\t\t\t\t<div class=\"heading  type_one text_center\">\r\n        <div class=\"small_text\">\r\n                                Houzen Decor\n    <\/div>\r\n     \r\n\r\n                         <div class=\"heading_text\">  \u0130leti\u015fim Bilgileri<\/div>\r\n                \r\n            <p class=\"description_text\">Hayalinizdeki ya\u015fam alanlar\u0131n\u0131 ger\u00e7e\u011fe d\u00f6n\u00fc\u015ft\u00fcrmek i\u00e7in buraday\u0131z. Sorular\u0131n\u0131z, talepleriniz veya \u00f6nerileriniz i\u00e7in bizimle ileti\u015fime ge\u00e7mekten \u00e7ekinmeyin. Houzen Decor ekibi, her ad\u0131mda yan\u0131n\u0131zda!<\/p>\r\n    \r\n<\/div>\r\n\r\n\r\n\t\t\t\t<\/div>\n\t\t\t\t<\/div>\n\t\t\t\t<div class=\"elementor-element elementor-element-dd8b2fd elementor-widget elementor-widget-creote-contact-box-v1-new\" data-id=\"dd8b2fd\" data-element_type=\"widget\" data-widget_type=\"creote-contact-box-v1-new.default\">\n\t\t\t\t<div class=\"elementor-widget-container\">\n\t\t\t\t\t \r\n       <section class=\"info_section type_one \">\r\n                  <div class=\"info_inner\">\r\n                     <div class=\"row \">\r\n                                             <div class=\"col-xl-4 col-md-6 col-sm-6 col-xs-12  info-column\">\r\n                           <div class=\"info-box nonactive\">\r\n                              <div class=\"hidden-icon\"><i class=\"  icon-telephone\"><\/i><\/div>\r\n                              <div class=\"box\">\r\n                                 <div class=\"icon_box\"><i class=\"  icon-telephone\"><\/i><\/div>\r\n                                 <div class=\"heading-box\"> <h4>Telefon<\/h4>\r\n                                 <span><\/span><\/div>\r\n                              <\/div>\r\n                              <div class=\"text\">\r\n                                                                                                                                                                              <p><a href=\"tel:+90 530 963 18 93\" target=\"_blank\">+90 530 963 18 93<\/a><\/p>\r\n                                                                                                                                      <\/div>\r\n                           <\/div>\r\n                        <\/div>\r\n                                                <div class=\"col-xl-4 col-md-6 col-sm-6 col-xs-12  info-column\">\r\n                           <div class=\"info-box active\">\r\n                              <div class=\"hidden-icon\"><i class=\"  icon-map-pin\"><\/i><\/div>\r\n                              <div class=\"box\">\r\n                                 <div class=\"icon_box\"><i class=\"  icon-map-pin\"><\/i><\/div>\r\n                                 <div class=\"heading-box\"> <h4>Adres<\/h4>\r\n                                 <span><\/span><\/div>\r\n                              <\/div>\r\n                              <div class=\"text\">\r\n                                                                                                          <p>Mimarsinan OSB, 7. CAD NO : 6, 38350 Melikgazi\/Kayseri<\/p>\r\n                                                                                                                                                                      <\/div>\r\n                           <\/div>\r\n                        <\/div>\r\n                                                <div class=\"col-xl-4 col-md-6 col-sm-6 col-xs-12  info-column\">\r\n                           <div class=\"info-box nonactive\">\r\n                              <div class=\"hidden-icon\"><i class=\"  icon-mail\"><\/i><\/div>\r\n                              <div class=\"box\">\r\n                                 <div class=\"icon_box\"><i class=\"  icon-mail\"><\/i><\/div>\r\n                                 <div class=\"heading-box\"> <h4>E-Mail<\/h4>\r\n                                 <span><\/span><\/div>\r\n                              <\/div>\r\n                              <div class=\"text\">\r\n                                                                                                                                            <p><a href=\"mailto:info@houzen.com.tr\" target=\"_blank\">info@houzen.com.tr<\/a><\/p>\r\n                                                                                                                                                                        <\/div>\r\n                           <\/div>\r\n                        <\/div>\r\n                                             <\/div>\r\n                  <\/div>\r\n        <\/section>\r\n        \r\n        \t\t\t\t<\/div>\n\t\t\t\t<\/div>\n\t\t\t\t\t<\/div>\n\t\t<\/div>\n\t\t\t\t\t<\/div>\n\t\t<\/section>\n\t\t\t\t<section class=\"elementor-section elementor-top-section elementor-element elementor-element-f7b4d27 elementor-section-full_width elementor-section-height-default elementor-section-height-default\" data-id=\"f7b4d27\" data-element_type=\"section\">\n\t\t\t\t\t\t<div class=\"elementor-container elementor-column-gap-no\">\n\t\t\t\t\t<div class=\"elementor-column elementor-col-100 elementor-top-column elementor-element elementor-element-6e2d569\" data-id=\"6e2d569\" data-element_type=\"column\">\n\t\t\t<div class=\"elementor-widget-wrap elementor-element-populated\">\n\t\t\t\t\t\t<div class=\"elementor-element elementor-element-174b458 elementor-widget elementor-widget-text-editor\" data-id=\"174b458\" data-element_type=\"widget\" data-widget_type=\"text-editor.default\">\n\t\t\t\t<div class=\"elementor-widget-container\">\n\t\t\t\t\t\t\t\t\t<iframe src=\"https:\/\/www.google.com\/maps\/embed?pb=!1m18!1m12!1m3!1d3113.8529000165486!2d35.6165161!3d38.69822310000001!2m3!1f0!2f0!3f0!3m2!1i1024!2i768!4f13.1!3m3!1m2!1s0x152b111be746e9ab%3A0xd38f6063ba2e0a15!2sHOUZEN%20PROJE%20MOB%C4%B0LYA!5e0!3m2!1str!2str!4v1735039737969!5m2!1str!2str\" width=\"600\" height=\"350\" style=\"border:0;\" allowfullscreen=\"\" loading=\"lazy\" referrerpolicy=\"no-referrer-when-downgrade\"><\/iframe>\t\t\t\t\t\t\t\t<\/div>\n\t\t\t\t<\/div>\n\t\t\t\t\t<\/div>\n\t\t<\/div>\n\t\t\t\t\t<\/div>\n\t\t<\/section>\n\t\t\t\t<section class=\"elementor-section elementor-top-section elementor-element elementor-element-0f2cdfc elementor-section-boxed elementor-section-height-default elementor-section-height-default\" data-id=\"0f2cdfc\" data-element_type=\"section\">\n\t\t\t\t\t\t<div class=\"elementor-container elementor-column-gap-default\">\n\t\t\t\t\t<div class=\"elementor-column elementor-col-100 elementor-top-column elementor-element elementor-element-77fcdae\" data-id=\"77fcdae\" data-element_type=\"column\">\n\t\t\t<div class=\"elementor-widget-wrap elementor-element-populated\">\n\t\t\t\t\t\t<div class=\"elementor-element elementor-element-c9779d6 elementor-widget elementor-widget-creote-contact-form-v2\" data-id=\"c9779d6\" data-element_type=\"widget\" data-widget_type=\"creote-contact-form-v2.default\">\n\t\t\t\t<div class=\"elementor-widget-container\">\n\t\t\t\t\t\r\n\r\n<div class=\"contact_form_box type_one\">\r\n        <div class=\"image_box\">\r\n        <img decoding=\"async\" src=\"https:\/\/themepanthers.com\/wp\/creote\/v2-new\/wp-content\/uploads\/2022\/10\/contact-type-one-1.jpg\" class=\"img-fluid\" alt=\"img\">\r\n    <\/div>\r\n    \r\n    <div class=\"contact_inner_box\">\r\n\r\n      \r\n\r\n        <div class=\"heading  type_two text_left\">\r\n                    <div class=\"small_text\">\r\n            Houzen Decor             <\/div>\r\n                                      <div class=\"heading_text\">\u0130leti\u015fim Formu<\/div>\r\n                                    <div class=\"small_text_sub\">        Houzen Decor<\/div>\r\n                        \r\n    \r\n<\/div>\r\n\r\n        <div class=\"contact_form_shortcode\">\r\n            \n<div class=\"wpcf7 no-js\" id=\"wpcf7-f4547-o1\" lang=\"en-US\" dir=\"ltr\" data-wpcf7-id=\"4547\">\n<div class=\"screen-reader-response\"><p role=\"status\" aria-live=\"polite\" aria-atomic=\"true\"><\/p> <ul><\/ul><\/div>\n<form action=\"\/houzen\/wp-json\/wp\/v2\/pages\/4181#wpcf7-f4547-o1\" method=\"post\" class=\"wpcf7-form init\" aria-label=\"Contact form\" novalidate=\"novalidate\" data-status=\"init\">\n<div style=\"display: none;\">\n<input type=\"hidden\" name=\"_wpcf7\" value=\"4547\" \/>\n<input type=\"hidden\" name=\"_wpcf7_version\" value=\"6.0.6\" \/>\n<input type=\"hidden\" name=\"_wpcf7_locale\" value=\"en_US\" \/>\n<input type=\"hidden\" name=\"_wpcf7_unit_tag\" value=\"wpcf7-f4547-o1\" \/>\n<input type=\"hidden\" name=\"_wpcf7_container_post\" value=\"0\" \/>\n<input type=\"hidden\" name=\"_wpcf7_posted_data_hash\" value=\"\" \/>\n<\/div>\n<div class=\"row\">\n\t<div class=\"col-lg-6\">\n\t\t<p><span class=\"wpcf7-form-control-wrap\" data-name=\"your-name\"><input size=\"40\" maxlength=\"400\" class=\"wpcf7-form-control wpcf7-text wpcf7-validates-as-required\" aria-required=\"true\" aria-invalid=\"false\" placeholder=\"Ad\u0131n\u0131z\" value=\"\" type=\"text\" name=\"your-name\" \/><\/span>\n\t\t<\/p>\n\t<\/div>\n\t<div class=\"col-lg-6\">\n\t\t<p><span class=\"wpcf7-form-control-wrap\" data-name=\"your-email\"><input size=\"40\" maxlength=\"400\" class=\"wpcf7-form-control wpcf7-email wpcf7-validates-as-required wpcf7-text wpcf7-validates-as-email\" aria-required=\"true\" aria-invalid=\"false\" placeholder=\"E-Mail\" value=\"\" type=\"email\" name=\"your-email\" \/><\/span>\n\t\t<\/p>\n\t<\/div>\n\t<div class=\"col-lg-6\">\n\t\t<p><span class=\"wpcf7-form-control-wrap\" data-name=\"tel-32\"><input size=\"40\" maxlength=\"400\" class=\"wpcf7-form-control wpcf7-tel wpcf7-validates-as-required wpcf7-text wpcf7-validates-as-tel\" aria-required=\"true\" aria-invalid=\"false\" placeholder=\"Telefon\" value=\"\" type=\"tel\" name=\"tel-32\" \/><\/span>\n\t\t<\/p>\n\t<\/div>\n\t<div class=\"col-lg-6\">\n\t\t<p><span class=\"wpcf7-form-control-wrap\" data-name=\"konu\"><input size=\"40\" maxlength=\"400\" class=\"wpcf7-form-control wpcf7-text wpcf7-validates-as-required\" aria-required=\"true\" aria-invalid=\"false\" placeholder=\"Konu\" value=\"\" type=\"text\" name=\"konu\" \/><\/span>\n\t\t<\/p>\n\t<\/div>\n\t<div class=\"col-lg-12\">\n\t\t<p><span class=\"wpcf7-form-control-wrap\" data-name=\"your-message\"><textarea cols=\"40\" rows=\"10\" maxlength=\"2000\" class=\"wpcf7-form-control wpcf7-textarea\" aria-invalid=\"false\" placeholder=\"Mesaj\u0131n\u0131z...\" name=\"your-message\"><\/textarea><\/span>\n\t\t<\/p>\n\t<\/div>\n\t<div class=\"col-lg-12\">\n\t\t<p><input class=\"wpcf7-form-control wpcf7-submit has-spinner\" type=\"submit\" value=\"G\u00f6nder\" \/>\n\t\t<\/p>\n\t<\/div>\n<\/div><div class=\"wpcf7-response-output\" aria-hidden=\"true\"><\/div>\n<\/form>\n<\/div>\n        <\/div>\r\n        \r\n        <div class=\"emergrncy_contact\">\r\n                        <small class=\" icon-phone-call1\">\r\n            <\/small>\r\n                        <h6><span>Telefon<\/span><a\r\n                    href=\"tel:http:\/\/+90 530 963 18 93\">+90 530 963 18 93<\/a>\r\n            <\/h6>\r\n        <\/div>\r\n\r\n            <\/div>\r\n\r\n<\/div>\r\n\r\n\r\n\t\t\t\t<\/div>\n\t\t\t\t<\/div>\n\t\t\t\t\t<\/div>\n\t\t<\/div>\n\t\t\t\t\t<\/div>\n\t\t<\/section>\n\t\t\t\t<\/div>\n\t\t","protected":false},"excerpt":{"rendered":"<p>Houzen Decor \u0130leti\u015fim Bilgileri Hayalinizdeki ya\u015fam alanlar\u0131n\u0131 ger\u00e7e\u011fe d\u00f6n\u00fc\u015ft\u00fcrmek i\u00e7in buraday\u0131z. Sorular\u0131n\u0131z, talepleriniz veya \u00f6nerileriniz i\u00e7in bizimle ileti\u015fime ge\u00e7mekten \u00e7ekinmeyin. Houzen Decor ekibi, her ad\u0131mda yan\u0131n\u0131zda! Telefon +90 530 963 18 93 Adres Mimarsinan OSB, 7. CAD NO : 6, 38350 Melikgazi\/Kayseri E-Mail info@houzen.com.tr Houzen Decor \u0130leti\u015fim Formu Houzen Decor Telefon+90 530 963 18 93<\/p>\n","protected":false},"author":1,"featured_media":0,"parent":0,"menu_order":0,"comment_status":"closed","ping_status":"closed","template":"template-fullwidth.php","meta":{"footnotes":""},"class_list":["post-4181","page","type-page","status-publish","hentry"],"_links":{"self":[{"href":"https:\/\/asistanin.web.tr\/houzen\/wp-json\/wp\/v2\/pages\/4181","targetHints":{"allow":["GET"]}}],"collection":[{"href":"https:\/\/asistanin.web.tr\/houzen\/wp-json\/wp\/v2\/pages"}],"about":[{"href":"https:\/\/asistanin.web.tr\/houzen\/wp-json\/wp\/v2\/types\/page"}],"author":[{"embeddable":true,"href":"https:\/\/asistanin.web.tr\/houzen\/wp-json\/wp\/v2\/users\/1"}],"replies":[{"embeddable":true,"href":"https:\/\/asistanin.web.tr\/houzen\/wp-json\/wp\/v2\/comments?post=4181"}],"version-history":[{"count":8,"href":"https:\/\/asistanin.web.tr\/houzen\/wp-json\/wp\/v2\/pages\/4181\/revisions"}],"predecessor-version":[{"id":6814,"href":"https:\/\/asistanin.web.tr\/houzen\/wp-json\/wp\/v2\/pages\/4181\/revisions\/6814"}],"wp:attachment":[{"href":"https:\/\/asistanin.web.tr\/houzen\/wp-json\/wp\/v2\/media?parent=4181"}],"curies":[{"name":"wp","href":"https:\/\/api.w.org\/{rel}","templated":true}]}}